{"id":45,"date":"2021-10-20T11:14:10","date_gmt":"2021-10-20T15:14:10","guid":{"rendered":"https:\/\/caraotaradio.com\/?page_id=45"},"modified":"2021-11-25T15:56:21","modified_gmt":"2021-11-25T19:56:21","slug":"blog","status":"publish","type":"page","link":"https:\/\/caraotaradio.com\/index.php\/blog\/","title":{"rendered":"Caraota Radio: Blog"},"content":{"rendered":"<p>[vc_row css_animation=\u00bb\u00bb row_type=\u00bbrow\u00bb use_row_as_full_screen_section=\u00bbno\u00bb type=\u00bbfull_width\u00bb angled_section=\u00bbno\u00bb text_align=\u00bbleft\u00bb background_image_as_pattern=\u00bbwithout_pattern\u00bb][vc_column]<div class='q_masonry_blog'><div class=\"q_masonry_blog_grid_sizer\"><\/div><div class=\"q_masonry_blog_grid_gutter\"><\/div><article  class='post-56 post type-post status-publish format-standard has-post-thumbnail hentry category-sin-categoria '><div class=\"q_masonry_blog_post_image\"><a itemprop=\"url\" href=\"https:\/\/caraotaradio.com\/index.php\/2021\/11\/02\/angel-garet-le-sube-la-temperatura-a-la-television-de-eeuu\/\" target=\"_self\"><img itemprop=\"image\" src=\"https:\/\/caraotaradio.com\/wp-content\/uploads\/2021\/11\/Garet-7.jpeg\" \/><\/a><\/div><div class=\"q_masonry_blog_post_text\"><h2 itemprop=\"name\" class=\"q_masonry_blog_title entry_title\"><a itemprop=\"url\" href=\"https:\/\/caraotaradio.com\/index.php\/2021\/11\/02\/angel-garet-le-sube-la-temperatura-a-la-television-de-eeuu\/\">\u00c1ngel Garet le sube la temperatura a la televisi\u00f3n de EEUU<\/a><\/h2><p itemprop=\"description\" class=\"q_masonry_blog_excerpt\">El modelo y actor venezolano, afincado en Los \u00c1ngeles, participa con \u00e9xito en la serie \u201cFirst Wi...<\/p><div class=\"q_masonry_blog_post_info\"> \/ <a itemprop=\"url\" class=\"post_comments\" href=\"https:\/\/caraotaradio.com\/index.php\/2021\/11\/02\/angel-garet-le-sube-la-temperatura-a-la-television-de-eeuu\/#respond\">No comment<\/a><\/div><\/div><\/article><article  class='post-90 post type-post status-publish format-standard has-post-thumbnail hentry category-sin-categoria '><div class=\"q_masonry_blog_post_image\"><a itemprop=\"url\" href=\"https:\/\/caraotaradio.com\/index.php\/2021\/11\/25\/el-camino-del-guerrero-documental-venezolano-nominado-a-tres-premios-emmy-llega-a-los-cines\/\" target=\"_self\"><img itemprop=\"image\" src=\"https:\/\/caraotaradio.com\/wp-content\/uploads\/2021\/11\/ECDG-promo-1920x1080-1.jpeg\" \/><\/a><\/div><div class=\"q_masonry_blog_post_text\"><h2 itemprop=\"name\" class=\"q_masonry_blog_title entry_title\"><a itemprop=\"url\" href=\"https:\/\/caraotaradio.com\/index.php\/2021\/11\/25\/el-camino-del-guerrero-documental-venezolano-nominado-a-tres-premios-emmy-llega-a-los-cines\/\">El Camino del Guerrero Documental venezolano nominado a tres Premios Emmy llega a los cines<\/a><\/h2><p itemprop=\"description\" class=\"q_masonry_blog_excerpt\">La Asociaci\u00f3n Civil Guerreros Azules estrena el documental El Camino del Guerrero, nominado recient...<\/p><div class=\"q_masonry_blog_post_info\"> \/ <a itemprop=\"url\" class=\"post_comments\" href=\"https:\/\/caraotaradio.com\/index.php\/2021\/11\/25\/el-camino-del-guerrero-documental-venezolano-nominado-a-tres-premios-emmy-llega-a-los-cines\/#respond\">No comment<\/a><\/div><\/div><\/article><article  class='post-64 post type-post status-publish format-standard has-post-thumbnail hentry category-sin-categoria '><div class=\"q_masonry_blog_post_image\"><a itemprop=\"url\" href=\"https:\/\/caraotaradio.com\/index.php\/2021\/11\/02\/jose-miguel-velasquez-compositor-productor-y-vocal-coach-de-grandes-artistas-de-la-musica\/\" target=\"_self\"><img itemprop=\"image\" src=\"https:\/\/caraotaradio.com\/wp-content\/uploads\/2021\/11\/PRENSA-1.jpeg\" \/><\/a><\/div><div class=\"q_masonry_blog_post_text\"><h2 itemprop=\"name\" class=\"q_masonry_blog_title entry_title\"><a itemprop=\"url\" href=\"https:\/\/caraotaradio.com\/index.php\/2021\/11\/02\/jose-miguel-velasquez-compositor-productor-y-vocal-coach-de-grandes-artistas-de-la-musica\/\">Jos\u00e9 Miguel Vel\u00e1squez: Compositor, productor y vocal coach de grandes artistas de la m\u00fasica<\/a><\/h2><p itemprop=\"description\" class=\"q_masonry_blog_excerpt\">Considerado el secreto mejor guardado de los grandes int\u00e9rpretes de la m\u00fasica latina. Jos\u00e9 Miguel...<\/p><div class=\"q_masonry_blog_post_info\"> \/ <a itemprop=\"url\" class=\"post_comments\" href=\"https:\/\/caraotaradio.com\/index.php\/2021\/11\/02\/jose-miguel-velasquez-compositor-productor-y-vocal-coach-de-grandes-artistas-de-la-musica\/#respond\">No comment<\/a><\/div><\/div><\/article><article  class='post-85 post type-post status-publish format-standard has-post-thumbnail hentry category-sin-categoria '><div class=\"q_masonry_blog_post_image\"><a itemprop=\"url\" href=\"https:\/\/caraotaradio.com\/index.php\/2021\/11\/25\/musica-y-artes-visuales-se-conjugan-en-una-muestra-expositiva\/\" target=\"_self\"><img itemprop=\"image\" src=\"https:\/\/caraotaradio.com\/wp-content\/uploads\/2021\/11\/prologo.jpeg\" \/><\/a><\/div><div class=\"q_masonry_blog_post_text\"><h2 itemprop=\"name\" class=\"q_masonry_blog_title entry_title\"><a itemprop=\"url\" href=\"https:\/\/caraotaradio.com\/index.php\/2021\/11\/25\/musica-y-artes-visuales-se-conjugan-en-una-muestra-expositiva\/\">M\u00fasica y artes visuales se conjugan en una muestra expositiva<\/a><\/h2><p itemprop=\"description\" class=\"q_masonry_blog_excerpt\">A partir del mi\u00e9rcoles 24 de noviembre, la Sala de Exposiciones del Centro Cultural BOD recibe esta...<\/p><div class=\"q_masonry_blog_post_info\"> \/ <a itemprop=\"url\" class=\"post_comments\" href=\"https:\/\/caraotaradio.com\/index.php\/2021\/11\/25\/musica-y-artes-visuales-se-conjugan-en-una-muestra-expositiva\/#respond\">No comment<\/a><\/div><\/div><\/article><article  class='post-76 post type-post status-publish format-standard has-post-thumbnail hentry category-sin-categoria '><div class=\"q_masonry_blog_post_image\"><a itemprop=\"url\" href=\"https:\/\/caraotaradio.com\/index.php\/2021\/11\/25\/pepsi-celebrara-la-edicion-19-del-festival-jonron-pepsi\/\" target=\"_self\"><img itemprop=\"image\" src=\"https:\/\/caraotaradio.com\/wp-content\/uploads\/2021\/11\/Foto-cortesi\u0301a-@juliorhfotos-2.jpg\" \/><\/a><\/div><div class=\"q_masonry_blog_post_text\"><h2 itemprop=\"name\" class=\"q_masonry_blog_title entry_title\"><a itemprop=\"url\" href=\"https:\/\/caraotaradio.com\/index.php\/2021\/11\/25\/pepsi-celebrara-la-edicion-19-del-festival-jonron-pepsi\/\">Pepsi celebrar\u00e1 la edici\u00f3n 19 del Festival Jonr\u00f3n Pepsi<\/a><\/h2><p itemprop=\"description\" class=\"q_masonry_blog_excerpt\">Pepsi vuelve a traer en edici\u00f3n presencial para todos los fan\u00e1ticos del b\u00e9isbol con el Festival J...<\/p><div class=\"q_masonry_blog_post_info\"> \/ <a itemprop=\"url\" class=\"post_comments\" href=\"https:\/\/caraotaradio.com\/index.php\/2021\/11\/25\/pepsi-celebrara-la-edicion-19-del-festival-jonron-pepsi\/#respond\">No comment<\/a><\/div><\/div><\/article><article  class='post-49 post type-post status-publish format-standard has-post-thumbnail hentry category-sin-categoria '><div class=\"q_masonry_blog_post_image\"><a itemprop=\"url\" href=\"https:\/\/caraotaradio.com\/index.php\/2021\/10\/20\/sumar-caracas-ha-alcanzado-mas-de-43-mil-contribuyentes-en-lo-que-va-de-2021\/\" target=\"_self\"><img itemprop=\"image\" src=\"https:\/\/caraotaradio.com\/wp-content\/uploads\/2021\/10\/1.jpeg\" \/><\/a><\/div><div class=\"q_masonry_blog_post_text\"><h2 itemprop=\"name\" class=\"q_masonry_blog_title entry_title\"><a itemprop=\"url\" href=\"https:\/\/caraotaradio.com\/index.php\/2021\/10\/20\/sumar-caracas-ha-alcanzado-mas-de-43-mil-contribuyentes-en-lo-que-va-de-2021\/\">Sumar Caracas ha alcanzado m\u00e1s de 43 mil contribuyentes en lo que va de 2021<\/a><\/h2><p itemprop=\"description\" class=\"q_masonry_blog_excerpt\">&nbsp; Este lunes fue presentado el balance del tercer trimestre del 2021 de Sumar Caracas (desde el...<\/p><div class=\"q_masonry_blog_post_info\"> \/ <a itemprop=\"url\" class=\"post_comments\" href=\"https:\/\/caraotaradio.com\/index.php\/2021\/10\/20\/sumar-caracas-ha-alcanzado-mas-de-43-mil-contribuyentes-en-lo-que-va-de-2021\/#respond\">No comment<\/a><\/div><\/div><\/article><\/div>[\/vc_column][\/vc_row]<\/p>\n","protected":false},"excerpt":{"rendered":"<p>[vc_row css_animation=\u00bb\u00bb row_type=\u00bbrow\u00bb use_row_as_full_screen_section=\u00bbno\u00bb type=\u00bbfull_width\u00bb angled_section=\u00bbno\u00bb text_align=\u00bbleft\u00bb background_image_as_pattern=\u00bbwithout_pattern\u00bb][vc_column][\/vc_column][\/vc_row]<\/p>\n","protected":false},"author":1,"featured_media":0,"parent":0,"menu_order":0,"comment_status":"closed","ping_status":"closed","template":"","meta":{"inline_featured_image":false},"yoast_head":"<!-- This site is optimized with the Yoast SEO plugin v20.1 - https:\/\/yoast.com\/wordpress\/plugins\/seo\/ -->\n<title>Caraota Radio: Blog - Caraota Radio<\/title>\n<meta name=\"description\" content=\"En Caraota Radio: Blog encontrar\u00e1s noticias y art\u00edculos de inter\u00e9s relacionado con todos los sucesos m\u00e1s interesantes a nivel nacional e internacional.\" \/>\n<meta name=\"robots\" content=\"index, follow, max-snippet:-1, max-image-preview:large, max-video-preview:-1\" \/>\n<link rel=\"canonical\" href=\"https:\/\/caraotaradio.com\/index.php\/blog\/\" \/>\n<meta property=\"og:locale\" content=\"es_ES\" \/>\n<meta property=\"og:type\" content=\"article\" \/>\n<meta property=\"og:title\" content=\"Caraota Radio: Blog - Caraota Radio\" \/>\n<meta property=\"og:description\" content=\"En Caraota Radio: Blog encontrar\u00e1s noticias y art\u00edculos de inter\u00e9s relacionado con todos los sucesos m\u00e1s interesantes a nivel nacional e internacional.\" \/>\n<meta property=\"og:url\" content=\"https:\/\/caraotaradio.com\/index.php\/blog\/\" \/>\n<meta property=\"og:site_name\" content=\"Caraota Radio\" \/>\n<meta property=\"article:modified_time\" content=\"2021-11-25T19:56:21+00:00\" \/>\n<meta name=\"twitter:card\" content=\"summary_large_image\" \/>\n<meta name=\"twitter:label1\" content=\"Tiempo estimado de lectura\" \/>\n\t<meta name=\"twitter:data1\" content=\"1 minuto\" \/>\n<script type=\"application\/ld+json\" class=\"yoast-schema-graph\">{\"@context\":\"https:\/\/schema.org\",\"@graph\":[{\"@type\":\"WebPage\",\"@id\":\"https:\/\/caraotaradio.com\/index.php\/blog\/\",\"url\":\"https:\/\/caraotaradio.com\/index.php\/blog\/\",\"name\":\"Caraota Radio: Blog - Caraota Radio\",\"isPartOf\":{\"@id\":\"https:\/\/caraotaradio.com\/#website\"},\"datePublished\":\"2021-10-20T15:14:10+00:00\",\"dateModified\":\"2021-11-25T19:56:21+00:00\",\"description\":\"En Caraota Radio: Blog encontrar\u00e1s noticias y art\u00edculos de inter\u00e9s relacionado con todos los sucesos m\u00e1s interesantes a nivel nacional e internacional.\",\"breadcrumb\":{\"@id\":\"https:\/\/caraotaradio.com\/index.php\/blog\/#breadcrumb\"},\"inLanguage\":\"es\",\"potentialAction\":[{\"@type\":\"ReadAction\",\"target\":[\"https:\/\/caraotaradio.com\/index.php\/blog\/\"]}]},{\"@type\":\"BreadcrumbList\",\"@id\":\"https:\/\/caraotaradio.com\/index.php\/blog\/#breadcrumb\",\"itemListElement\":[{\"@type\":\"ListItem\",\"position\":1,\"name\":\"Portada\",\"item\":\"https:\/\/caraotaradio.com\/\"},{\"@type\":\"ListItem\",\"position\":2,\"name\":\"Caraota Radio: Blog\"}]},{\"@type\":\"WebSite\",\"@id\":\"https:\/\/caraotaradio.com\/#website\",\"url\":\"https:\/\/caraotaradio.com\/\",\"name\":\"Caraota Radio\",\"description\":\"Otro sitio realizado con WordPress\",\"potentialAction\":[{\"@type\":\"SearchAction\",\"target\":{\"@type\":\"EntryPoint\",\"urlTemplate\":\"https:\/\/caraotaradio.com\/?s={search_term_string}\"},\"query-input\":\"required name=search_term_string\"}],\"inLanguage\":\"es\"}]}<\/script>\n<!-- \/ Yoast SEO plugin. -->","yoast_head_json":{"title":"Caraota Radio: Blog - Caraota Radio","description":"En Caraota Radio: Blog encontrar\u00e1s noticias y art\u00edculos de inter\u00e9s relacionado con todos los sucesos m\u00e1s interesantes a nivel nacional e internacional.","robots":{"index":"index","follow":"follow","max-snippet":"max-snippet:-1","max-image-preview":"max-image-preview:large","max-video-preview":"max-video-preview:-1"},"canonical":"https:\/\/caraotaradio.com\/index.php\/blog\/","og_locale":"es_ES","og_type":"article","og_title":"Caraota Radio: Blog - Caraota Radio","og_description":"En Caraota Radio: Blog encontrar\u00e1s noticias y art\u00edculos de inter\u00e9s relacionado con todos los sucesos m\u00e1s interesantes a nivel nacional e internacional.","og_url":"https:\/\/caraotaradio.com\/index.php\/blog\/","og_site_name":"Caraota Radio","article_modified_time":"2021-11-25T19:56:21+00:00","twitter_card":"summary_large_image","twitter_misc":{"Tiempo estimado de lectura":"1 minuto"},"schema":{"@context":"https:\/\/schema.org","@graph":[{"@type":"WebPage","@id":"https:\/\/caraotaradio.com\/index.php\/blog\/","url":"https:\/\/caraotaradio.com\/index.php\/blog\/","name":"Caraota Radio: Blog - Caraota Radio","isPartOf":{"@id":"https:\/\/caraotaradio.com\/#website"},"datePublished":"2021-10-20T15:14:10+00:00","dateModified":"2021-11-25T19:56:21+00:00","description":"En Caraota Radio: Blog encontrar\u00e1s noticias y art\u00edculos de inter\u00e9s relacionado con todos los sucesos m\u00e1s interesantes a nivel nacional e internacional.","breadcrumb":{"@id":"https:\/\/caraotaradio.com\/index.php\/blog\/#breadcrumb"},"inLanguage":"es","potentialAction":[{"@type":"ReadAction","target":["https:\/\/caraotaradio.com\/index.php\/blog\/"]}]},{"@type":"BreadcrumbList","@id":"https:\/\/caraotaradio.com\/index.php\/blog\/#breadcrumb","itemListElement":[{"@type":"ListItem","position":1,"name":"Portada","item":"https:\/\/caraotaradio.com\/"},{"@type":"ListItem","position":2,"name":"Caraota Radio: Blog"}]},{"@type":"WebSite","@id":"https:\/\/caraotaradio.com\/#website","url":"https:\/\/caraotaradio.com\/","name":"Caraota Radio","description":"Otro sitio realizado con WordPress","potentialAction":[{"@type":"SearchAction","target":{"@type":"EntryPoint","urlTemplate":"https:\/\/caraotaradio.com\/?s={search_term_string}"},"query-input":"required name=search_term_string"}],"inLanguage":"es"}]}},"_links":{"self":[{"href":"https:\/\/caraotaradio.com\/index.php\/wp-json\/wp\/v2\/pages\/45"}],"collection":[{"href":"https:\/\/caraotaradio.com\/index.php\/wp-json\/wp\/v2\/pages"}],"about":[{"href":"https:\/\/caraotaradio.com\/index.php\/wp-json\/wp\/v2\/types\/page"}],"author":[{"embeddable":true,"href":"https:\/\/caraotaradio.com\/index.php\/wp-json\/wp\/v2\/users\/1"}],"replies":[{"embeddable":true,"href":"https:\/\/caraotaradio.com\/index.php\/wp-json\/wp\/v2\/comments?post=45"}],"version-history":[{"count":5,"href":"https:\/\/caraotaradio.com\/index.php\/wp-json\/wp\/v2\/pages\/45\/revisions"}],"predecessor-version":[{"id":93,"href":"https:\/\/caraotaradio.com\/index.php\/wp-json\/wp\/v2\/pages\/45\/revisions\/93"}],"wp:attachment":[{"href":"https:\/\/caraotaradio.com\/index.php\/wp-json\/wp\/v2\/media?parent=45"}],"curies":[{"name":"wp","href":"https:\/\/api.w.org\/{rel}","templated":true}]}}